{"id":1056,"date":"2020-04-14T18:09:12","date_gmt":"2020-04-14T16:09:12","guid":{"rendered":"https:\/\/sigmon.es\/professionals\/"},"modified":"2025-02-11T14:19:20","modified_gmt":"2025-02-11T13:19:20","slug":"professionals-psicoterapeutes-pedagogs-barcelona","status":"publish","type":"page","link":"https:\/\/sigmon.es\/ca\/professionals-psicoterapeutes-pedagogs-barcelona\/","title":{"rendered":"<strong>Qui som<\/strong>"},"content":{"rendered":"<!--themify_builder_static--><h2>QUI SOM<br\/><\/h2>\n<p>SIGM\u00d3N \u00e9s un espai psicopedag\u00f2gic i psicoterap\u00e8utic que ofereix serveis especialitzats en psicopedagogia cl\u00ednica, logop\u00e8dia, psicoter\u00e0pia infantojuvenil i d&#8217;adults.<br><br>Com a professionals brindem un abordatge c\u00e0lid i hum\u00e0 que ens ha perm\u00e8s vetllar pel benestar de nens, nenes, adolescents i fam\u00edlies, tenint com a punt de trobada el respecte a la difer\u00e8ncia i al ritme del nen, evitant sempre l&#8217;etiqueta i la medicaci\u00f3 no necess\u00e0ria, a m\u00e9s de confluir en espais de reflexi\u00f3, formaci\u00f3 i creixement conjunt, donant lloc a la paraula i a l&#8217;intercanvi de mirades que ens retroalimenten i ens possibiliten un quefer renovat i d&#8217;aprenentatge constant.<\/p> <p><br>Ens hem consolidat a trav\u00e9s dels anys per la nostra contribuci\u00f3 constant i responsable a la comunitat de L&#8217;Hospitalet de Llobregat i comarques pr\u00f2ximes. Ens centrem en trobar un equilibri entre els aprenentatges i les emocions, la cultura i l&#8217;adaptaci\u00f3, la identitat i els costums, donant forma i significat a les paraules i a les accions de tots aquells que ens visiten.<\/p>\n<h4><strong>Julieta Galeano<\/strong><\/h4> <p><em>Pedagoga i Psicoterapeuta \/ Col. No 1132<\/em><\/p> <p>-Fundadora y Directora<br>-Lic. en Pedagog\u00eda \/ Lic. en Ciencias Sociales y Derechos humanos<br>-M\u00e1ster en cl\u00ednica psicoanal\u00edtica con ni\u00f1os y adolescentes.<br>-M\u00e1ster Europeo en Psicopedagog\u00eda cl\u00ednica<br>-Docente y especialista en terapia psicopedag\u00f3gica<\/p>\n<h2>Julieta Galeano<br\/>Pedagoga i Psicoterapeuta \/ Col. No 1132<\/h2>\n<p>-Fundadora i Directora<br>-Lic. en Pedagogia \/ Lic. en Ci\u00e8ncies Socials i Drets humans<br>-M\u00e0ster en cl\u00ednica psicoanal\u00edtica amb nens i adolescents.<br>-M\u00e0ster Europeu en Psicopedagogia cl\u00ednica<br>-Docent i especialista en ter\u00e0pia psicopedag\u00f2gica<\/p>\n\n<h2><br\/><\/h2>\n<br \/>\n<h2 style=\"text-align: center;\">COLABORACIONES<\/h2> <h2 style=\"text-align: left;\">Daniela Pasero<\/h2> Psic\u00f2loga i Psicoterapeuta Infantojuvenil i adults \/ Col. No 32373 Llic. en Psicolog\u00eda M\u00e0ster en cl\u00ednica psicoanal\u00edtica amb nens i adolescents <br> <h2>Gladys Arias<\/h2> Psic\u00f2loga i Psicoterapeuta Infantojuvenil i adults \/Col. No 23172&nbsp;Llic. en Psicologia&nbsp;Grau especialista en educaci\u00f3 infantil.<br><br><!--\/themify_builder_static-->","protected":false},"excerpt":{"rendered":"","protected":false},"author":1,"featured_media":0,"parent":0,"menu_order":0,"comment_status":"closed","ping_status":"closed","template":"","meta":{"site-sidebar-layout":"default","site-content-layout":"","ast-site-content-layout":"default","site-content-style":"default","site-sidebar-style":"default","ast-global-header-display":"","ast-banner-title-visibility":"","ast-main-header-display":"","ast-hfb-above-header-display":"","ast-hfb-below-header-display":"","ast-hfb-mobile-header-display":"","site-post-title":"disabled","ast-breadcrumbs-content":"","ast-featured-img":"","footer-sml-layout":"","ast-disable-related-posts":"","theme-transparent-header-meta":"","adv-header-id-meta":"","stick-header-meta":"","header-above-stick-meta":"","header-main-stick-meta":"","header-below-stick-meta":"","astra-migrate-meta-layouts":"default","ast-page-background-enabled":"default","ast-page-background-meta":{"desktop":{"background-color":"var(--ast-global-color-5)","background-image":"","background-repeat":"repeat","background-position":"center center","background-size":"auto","background-attachment":"scroll","background-type":"","background-media":"","overlay-type":"","overlay-color":"","overlay-opacity":"","overlay-gradient":""},"tablet":{"background-color":"","background-image":"","background-repeat":"repeat","background-position":"center center","background-size":"auto","background-attachment":"scroll","background-type":"","background-media":"","overlay-type":"","overlay-color":"","overlay-opacity":"","overlay-gradient":""},"mobile":{"background-color":"","background-image":"","background-repeat":"repeat","background-position":"center center","background-size":"auto","background-attachment":"scroll","background-type":"","background-media":"","overlay-type":"","overlay-color":"","overlay-opacity":"","overlay-gradient":""}},"ast-content-background-meta":{"desktop":{"background-color":"var(--ast-global-color-4)","background-image":"","background-repeat":"repeat","background-position":"center center","background-size":"auto","background-attachment":"scroll","background-type":"","background-media":"","overlay-type":"","overlay-color":"","overlay-opacity":"","overlay-gradient":""},"tablet":{"background-color":"var(--ast-global-color-4)","background-image":"","background-repeat":"repeat","background-position":"center center","background-size":"auto","background-attachment":"scroll","background-type":"","background-media":"","overlay-type":"","overlay-color":"","overlay-opacity":"","overlay-gradient":""},"mobile":{"background-color":"var(--ast-global-color-4)","background-image":"","background-repeat":"repeat","background-position":"center center","background-size":"auto","background-attachment":"scroll","background-type":"","background-media":"","overlay-type":"","overlay-color":"","overlay-opacity":"","overlay-gradient":""}},"footnotes":""},"class_list":["post-1056","page","type-page","status-publish","hentry"],"_links":{"self":[{"href":"https:\/\/sigmon.es\/ca\/wp-json\/wp\/v2\/pages\/1056","targetHints":{"allow":["GET"]}}],"collection":[{"href":"https:\/\/sigmon.es\/ca\/wp-json\/wp\/v2\/pages"}],"about":[{"href":"https:\/\/sigmon.es\/ca\/wp-json\/wp\/v2\/types\/page"}],"author":[{"embeddable":true,"href":"https:\/\/sigmon.es\/ca\/wp-json\/wp\/v2\/users\/1"}],"replies":[{"embeddable":true,"href":"https:\/\/sigmon.es\/ca\/wp-json\/wp\/v2\/comments?post=1056"}],"version-history":[{"count":29,"href":"https:\/\/sigmon.es\/ca\/wp-json\/wp\/v2\/pages\/1056\/revisions"}],"predecessor-version":[{"id":1595,"href":"https:\/\/sigmon.es\/ca\/wp-json\/wp\/v2\/pages\/1056\/revisions\/1595"}],"wp:attachment":[{"href":"https:\/\/sigmon.es\/ca\/wp-json\/wp\/v2\/media?parent=1056"}],"curies":[{"name":"wp","href":"https:\/\/api.w.org\/{rel}","templated":true}]}}